{"id":151,"date":"2026-04-08T19:00:29","date_gmt":"2026-04-08T17:00:29","guid":{"rendered":"https:\/\/vivenativo.com\/?page_id=151"},"modified":"2026-04-08T19:04:56","modified_gmt":"2026-04-08T17:04:56","slug":"aviso-legal","status":"publish","type":"page","link":"https:\/\/vivenativo.com\/index.php\/aviso-legal\/","title":{"rendered":"Aviso Legal"},"content":{"rendered":"\t\t<div data-elementor-type=\"wp-page\" data-elementor-id=\"151\" class=\"elementor elementor-151\">\n\t\t\t\t<div class=\"elementor-element elementor-element-1024c8d e-flex e-con-boxed e-con e-parent\" data-id=\"1024c8d\" data-element_type=\"container\" data-e-type=\"container\">\n\t\t\t\t\t<div class=\"e-con-inner\">\n\t\t\t\t<div class=\"elementor-element elementor-element-c5a361c elementor-widget elementor-widget-heading\" data-id=\"c5a361c\" data-element_type=\"widget\" data-e-type=\"widget\" data-widget_type=\"heading.default\">\n\t\t\t\t\t<h2 class=\"elementor-heading-title elementor-size-default\">Aviso Legal<\/h2>\t\t\t\t<\/div>\n\t\t\t\t\t<\/div>\n\t\t\t\t<\/div>\n\t\t<div class=\"elementor-element elementor-element-b0bff56 e-flex e-con-boxed e-con e-parent\" data-id=\"b0bff56\" data-element_type=\"container\" data-e-type=\"container\">\n\t\t\t\t\t<div class=\"e-con-inner\">\n\t\t\t\t<div class=\"elementor-element elementor-element-ff2d13d elementor-widget elementor-widget-text-editor\" data-id=\"ff2d13d\" data-element_type=\"widget\" data-e-type=\"widget\" data-widget_type=\"text-editor.default\">\n\t\t\t\t\t\t\t\t\t<p align=\"JUSTIFY\"><span style=\"color: #000000;\"><b>INFORMACI\u00d3N GENERAL<\/b><\/span><\/p><p align=\"JUSTIFY\"><span style=\"color: #000000;\">Titular del portal: Miguel Moreira<br \/><\/span><span style=\"font-style: inherit; font-weight: inherit; text-align: start;\">Direcci\u00f3n: Calle de Emilio Ferrari, 45<br \/><\/span><span style=\"font-style: inherit; font-weight: inherit; text-align: start;\">Contacto: info@vivenativo.com<br \/><\/span><span style=\"font-style: inherit; font-weight: inherit; text-align: start;\">C. I. F.: 02762748G<\/span><\/p><p align=\"JUSTIFY\"><span style=\"color: #000000;\">Todos los derechos reservados.<\/span><\/p><p align=\"JUSTIFY\"><span style=\"color: #000000;\"><b>CONDICIONES DE ACCESO Y UTILIZACI\u00d3N DEL PORTAL<\/b><\/span><\/p><p align=\"JUSTIFY\"><span style=\"color: #000000;\">El usuario se compromete a utilizar el portal y los servicios de conformidad con la ley, el presente aviso legal, las condiciones particulares de ciertos servicios, as\u00ed como la moral, buenas costumbres generalmente aceptadas y el orden p\u00fablico.<\/span><\/p><p align=\"JUSTIFY\"><span style=\"color: #000000;\">Este sitio Web le es ofrecido a condici\u00f3n de que usted acepte \u00edntegramente los t\u00e9rminos, condiciones y comunicaciones contenidos en el presente aviso legal. El hecho de que usted use este sitio Web constituye por s\u00ed s\u00f3lo la aceptaci\u00f3n de los mismos.<\/span><\/p><p align=\"JUSTIFY\"><span style=\"color: #000000;\"><b>LIMITACIONES DE USO<\/b><\/span><\/p><p align=\"JUSTIFY\"><span style=\"color: #000000;\">Usted no est\u00e1 autorizado a modificar, copiar, distribuir, transmitir, divulgar, utilizar, reproducir, publicar, licenciar, ceder, vender ni crear trabajos derivados a partir de la informaci\u00f3n, el software, los productos o los servicios que pueda obtener de este sitio web. El uso de este sitio Web con fines ilegales o no autorizados por los presentes t\u00e9rminos, condiciones y comunicaciones queda terminantemente prohibido.<\/span><\/p><p align=\"JUSTIFY\"><span style=\"color: #000000;\">No se asume ninguna responsabilidad del uso que los menores puedan hacer de la misma en casos de que los contenidos a que se acceda puedan herir la sensibilidad de los mismos. La plena responsabilidad en la determinaci\u00f3n de los contenidos y servicios a los que acceden los menores de edad corresponde a los mayores a cuyo cargo se encuentran. Existen mecanismos, en particular programas inform\u00e1ticos de filtro y bloqueo, que permiten limitar los contenidos disponibles, siendo de especial utilidad para controlar y restringir los materiales a los que pueden acceder los menores.<\/span><\/p><p align=\"JUSTIFY\"><span style=\"color: #000000;\"><b>CONEXIONES CON SITIOS DE TERCEROS<\/b><\/span><\/p><p align=\"JUSTIFY\"><span style=\"color: #000000;\">Este portal pone a disposici\u00f3n de los Usuarios dispositivos t\u00e9cnicos de enlace, directorios y otras herramientas como buscadores, que les permite acceder a sitios web pertenecientes y\/o gestionados por terceros. La instalaci\u00f3n de los mismos tiene por \u00fanico objeto facilitar a los Usuarios el acceso a informaci\u00f3n, contenidos y servicios disponibles en Internet.<\/span><\/p><p align=\"JUSTIFY\"><span style=\"color: #000000;\">Miguel Moreira no asume responsabilidad alguna por la informaci\u00f3n contenida en las p\u00e1ginas web de terceros a las que se pueda acceder por enlaces o buscadores desde nuestras p\u00e1ginas. Sin embargo, se compromete a retirar enlaces en caso de tener conocimiento de la existencia de contenidos il\u00edcitos o que lesionen derechos de terceros.<\/span><\/p><p align=\"JUSTIFY\"><span style=\"color: #000000;\">Se excluye cualquier responsabilidad por los da\u00f1os y perjuicios de toda naturaleza que puedan deberse a la presencia de virus o a la presencia de otros elementos lesivos en los servicios prestados por terceros a trav\u00e9s del portal que puedan producir alteraciones en el sistema inform\u00e1tico, documentos electr\u00f3nicos o ficheros de los usuarios.<\/span><\/p><p align=\"JUSTIFY\"><span style=\"color: #000000;\">La informaci\u00f3n, el software y\/o los productos o servicios contenidos en este sitio Web pueden contener errores tipogr\u00e1ficos, imprecisiones e inexactitudes de los que Miguel Moreira no se responsabiliza, tampoco lo har\u00e1 en el caso de que los mismos provengan de p\u00e1ginas de terceros a las que el Usuario accede a trav\u00e9s de los enlaces colocados en nuestro portal.<\/span><\/p><p align=\"JUSTIFY\"><span style=\"color: #000000;\"><b>DERECHOS DE PROPIEDAD INTELECTUAL<\/b><\/span><\/p><p align=\"JUSTIFY\"><span style=\"color: #000000;\">El usuario reconoce y acepta que todos los derechos sobre el contenido de este sitio web pertenecen a Miguel Moreira y que en consecuencia la modificaci\u00f3n, adaptaci\u00f3n, comunicaci\u00f3n p\u00fablica, distribuci\u00f3n, venta, alquiler y cualquier otro derecho de propiedad intelectual realizado por el usuario sin consentimiento de Miguel Moreira queda prohibido.<\/span><\/p><p align=\"JUSTIFY\"><span style=\"color: #000000;\">Asimismo, Miguel Moreira es titular de los derechos de propiedad industrial derivados de los elementos que integran su p\u00e1gina web o, en cualquier caso, dispone de la correspondiente autorizaci\u00f3n para su utilizaci\u00f3n.<\/span><\/p><p align=\"JUSTIFY\"><span style=\"color: #000000;\">En ning\u00fan caso, Miguel Moreira ser\u00e1 responsable de las posibles infracciones que en esta materia pudiera producir cualquier usuario del portal.<\/span><\/p><p align=\"JUSTIFY\"><span style=\"color: #000000;\"><b>ACTUALIZACI\u00d3N Y MODIFICACI\u00d3N DE LA P\u00c1GINA WEB<\/b><\/span><\/p><p align=\"JUSTIFY\"><span style=\"color: #000000;\">Miguel Moreira se reserva el derecho a actualizar, modificar o eliminar la informaci\u00f3n de esta p\u00e1gina web y su configuraci\u00f3n sin preaviso. De igual forma podr\u00e1 suspender su difusi\u00f3n total o parcialmente y modificar la estructura o contenido de la misma sin previo aviso.<\/span><\/p><p align=\"JUSTIFY\"><span style=\"color: #000000;\">Para la resoluci\u00f3n de problemas o preguntas relacionadas con este sitio Web, por favor p\u00f3ngase en contacto con Miguel Moreira, en la siguiente direcci\u00f3n: info@viventivo.com<\/span>.<\/p>\t\t\t\t\t\t\t\t<\/div>\n\t\t\t\t\t<\/div>\n\t\t\t\t<\/div>\n\t\t\t\t<\/div>\n\t\t","protected":false},"excerpt":{"rendered":"<p>Aviso Legal INFORMACI\u00d3N GENERAL Titular del portal: Miguel MoreiraDirecci\u00f3n: Calle de Emilio Ferrari, 45Contacto: info@vivenativo.comC. I. F.: 02762748G Todos los [&hellip;]<\/p>\n","protected":false},"author":1,"featured_media":0,"parent":0,"menu_order":0,"comment_status":"closed","ping_status":"closed","template":"","meta":{"site-sidebar-layout":"no-sidebar","site-content-layout":"","ast-site-content-layout":"full-width-container","site-content-style":"default","site-sidebar-style":"default","ast-global-header-display":"","ast-banner-title-visibility":"","ast-main-header-display":"","ast-hfb-above-header-display":"","ast-hfb-below-header-display":"","ast-hfb-mobile-header-display":"","site-post-title":"","ast-breadcrumbs-content":"","ast-featured-img":"disabled","footer-sml-layout":"","ast-disable-related-posts":"","theme-transparent-header-meta":"","adv-header-id-meta":"","stick-header-meta":"","header-above-stick-meta":"","header-main-stick-meta":"","header-below-stick-meta":"","astra-migrate-meta-layouts":"default","ast-page-background-enabled":"default","ast-page-background-meta":{"desktop":{"background-color":"var(--ast-global-color-5)","background-image":"","background-repeat":"repeat","background-position":"center center","background-size":"auto","background-attachment":"scroll","background-type":"","background-media":"","overlay-type":"","overlay-color":"","overlay-opacity":"","overlay-gradient":""},"tablet":{"background-color":"","background-image":"","background-repeat":"repeat","background-position":"center center","background-size":"auto","background-attachment":"scroll","background-type":"","background-media":"","overlay-type":"","overlay-color":"","overlay-opacity":"","overlay-gradient":""},"mobile":{"background-color":"","background-image":"","background-repeat":"repeat","background-position":"center center","background-size":"auto","background-attachment":"scroll","background-type":"","background-media":"","overlay-type":"","overlay-color":"","overlay-opacity":"","overlay-gradient":""}},"ast-content-background-meta":{"desktop":{"background-color":"var(--ast-global-color-4)","background-image":"","background-repeat":"repeat","background-position":"center center","background-size":"auto","background-attachment":"scroll","background-type":"","background-media":"","overlay-type":"","overlay-color":"","overlay-opacity":"","overlay-gradient":""},"tablet":{"background-color":"var(--ast-global-color-4)","background-image":"","background-repeat":"repeat","background-position":"center center","background-size":"auto","background-attachment":"scroll","background-type":"","background-media":"","overlay-type":"","overlay-color":"","overlay-opacity":"","overlay-gradient":""},"mobile":{"background-color":"var(--ast-global-color-4)","background-image":"","background-repeat":"repeat","background-position":"center center","background-size":"auto","background-attachment":"scroll","background-type":"","background-media":"","overlay-type":"","overlay-color":"","overlay-opacity":"","overlay-gradient":""}},"footnotes":""},"class_list":["post-151","page","type-page","status-publish","hentry"],"yoast_head":"<!-- This site is optimized with the Yoast SEO plugin v27.4 - https:\/\/yoast.com\/product\/yoast-seo-wordpress\/ -->\n<title>Aviso Legal - nativo<\/title>\n<meta name=\"robots\" content=\"noindex, follow, max-snippet:-1, max-image-preview:large, max-video-preview:-1\" \/>\n<meta property=\"og:locale\" content=\"es_ES\" \/>\n<meta property=\"og:type\" content=\"article\" \/>\n<meta property=\"og:title\" content=\"Aviso Legal - nativo\" \/>\n<meta property=\"og:description\" content=\"Aviso Legal INFORMACI\u00d3N GENERAL Titular del portal: Miguel MoreiraDirecci\u00f3n: Calle de Emilio Ferrari, 45Contacto: info@vivenativo.comC. I. F.: 02762748G Todos los [&hellip;]\" \/>\n<meta property=\"og:url\" content=\"https:\/\/vivenativo.com\/index.php\/aviso-legal\/\" \/>\n<meta property=\"og:site_name\" content=\"nativo\" \/>\n<meta property=\"article:modified_time\" content=\"2026-04-08T17:04:56+00:00\" \/>\n<meta name=\"twitter:card\" content=\"summary_large_image\" \/>\n<meta name=\"twitter:label1\" content=\"Tiempo de lectura\" \/>\n\t<meta name=\"twitter:data1\" content=\"4 minutos\" \/>\n<script type=\"application\/ld+json\" class=\"yoast-schema-graph\">{\"@context\":\"https:\\\/\\\/schema.org\",\"@graph\":[{\"@type\":\"WebPage\",\"@id\":\"https:\\\/\\\/vivenativo.com\\\/index.php\\\/aviso-legal\\\/\",\"url\":\"https:\\\/\\\/vivenativo.com\\\/index.php\\\/aviso-legal\\\/\",\"name\":\"Aviso Legal - nativo\",\"isPartOf\":{\"@id\":\"https:\\\/\\\/vivenativo.com\\\/#website\"},\"datePublished\":\"2026-04-08T17:00:29+00:00\",\"dateModified\":\"2026-04-08T17:04:56+00:00\",\"breadcrumb\":{\"@id\":\"https:\\\/\\\/vivenativo.com\\\/index.php\\\/aviso-legal\\\/#breadcrumb\"},\"inLanguage\":\"es\",\"potentialAction\":[{\"@type\":\"ReadAction\",\"target\":[\"https:\\\/\\\/vivenativo.com\\\/index.php\\\/aviso-legal\\\/\"]}]},{\"@type\":\"BreadcrumbList\",\"@id\":\"https:\\\/\\\/vivenativo.com\\\/index.php\\\/aviso-legal\\\/#breadcrumb\",\"itemListElement\":[{\"@type\":\"ListItem\",\"position\":1,\"name\":\"Portada\",\"item\":\"https:\\\/\\\/vivenativo.com\\\/\"},{\"@type\":\"ListItem\",\"position\":2,\"name\":\"Aviso Legal\"}]},{\"@type\":\"WebSite\",\"@id\":\"https:\\\/\\\/vivenativo.com\\\/#website\",\"url\":\"https:\\\/\\\/vivenativo.com\\\/\",\"name\":\"vivenativo\",\"description\":\"\",\"publisher\":{\"@id\":\"https:\\\/\\\/vivenativo.com\\\/#organization\"},\"potentialAction\":[{\"@type\":\"SearchAction\",\"target\":{\"@type\":\"EntryPoint\",\"urlTemplate\":\"https:\\\/\\\/vivenativo.com\\\/?s={search_term_string}\"},\"query-input\":{\"@type\":\"PropertyValueSpecification\",\"valueRequired\":true,\"valueName\":\"search_term_string\"}}],\"inLanguage\":\"es\"},{\"@type\":\"Organization\",\"@id\":\"https:\\\/\\\/vivenativo.com\\\/#organization\",\"name\":\"nativo\",\"url\":\"https:\\\/\\\/vivenativo.com\\\/\",\"logo\":{\"@type\":\"ImageObject\",\"inLanguage\":\"es\",\"@id\":\"https:\\\/\\\/vivenativo.com\\\/#\\\/schema\\\/logo\\\/image\\\/\",\"url\":\"https:\\\/\\\/vivenativo.com\\\/wp-content\\\/uploads\\\/2026\\\/03\\\/cropped-ICONO-NATIVO.png\",\"contentUrl\":\"https:\\\/\\\/vivenativo.com\\\/wp-content\\\/uploads\\\/2026\\\/03\\\/cropped-ICONO-NATIVO.png\",\"width\":659,\"height\":184,\"caption\":\"nativo\"},\"image\":{\"@id\":\"https:\\\/\\\/vivenativo.com\\\/#\\\/schema\\\/logo\\\/image\\\/\"}}]}<\/script>\n<!-- \/ Yoast SEO plugin. -->","yoast_head_json":{"title":"Aviso Legal - nativo","robots":{"index":"noindex","follow":"follow","max-snippet":"max-snippet:-1","max-image-preview":"max-image-preview:large","max-video-preview":"max-video-preview:-1"},"og_locale":"es_ES","og_type":"article","og_title":"Aviso Legal - nativo","og_description":"Aviso Legal INFORMACI\u00d3N GENERAL Titular del portal: Miguel MoreiraDirecci\u00f3n: Calle de Emilio Ferrari, 45Contacto: info@vivenativo.comC. I. F.: 02762748G Todos los [&hellip;]","og_url":"https:\/\/vivenativo.com\/index.php\/aviso-legal\/","og_site_name":"nativo","article_modified_time":"2026-04-08T17:04:56+00:00","twitter_card":"summary_large_image","twitter_misc":{"Tiempo de lectura":"4 minutos"},"schema":{"@context":"https:\/\/schema.org","@graph":[{"@type":"WebPage","@id":"https:\/\/vivenativo.com\/index.php\/aviso-legal\/","url":"https:\/\/vivenativo.com\/index.php\/aviso-legal\/","name":"Aviso Legal - nativo","isPartOf":{"@id":"https:\/\/vivenativo.com\/#website"},"datePublished":"2026-04-08T17:00:29+00:00","dateModified":"2026-04-08T17:04:56+00:00","breadcrumb":{"@id":"https:\/\/vivenativo.com\/index.php\/aviso-legal\/#breadcrumb"},"inLanguage":"es","potentialAction":[{"@type":"ReadAction","target":["https:\/\/vivenativo.com\/index.php\/aviso-legal\/"]}]},{"@type":"BreadcrumbList","@id":"https:\/\/vivenativo.com\/index.php\/aviso-legal\/#breadcrumb","itemListElement":[{"@type":"ListItem","position":1,"name":"Portada","item":"https:\/\/vivenativo.com\/"},{"@type":"ListItem","position":2,"name":"Aviso Legal"}]},{"@type":"WebSite","@id":"https:\/\/vivenativo.com\/#website","url":"https:\/\/vivenativo.com\/","name":"vivenativo","description":"","publisher":{"@id":"https:\/\/vivenativo.com\/#organization"},"potentialAction":[{"@type":"SearchAction","target":{"@type":"EntryPoint","urlTemplate":"https:\/\/vivenativo.com\/?s={search_term_string}"},"query-input":{"@type":"PropertyValueSpecification","valueRequired":true,"valueName":"search_term_string"}}],"inLanguage":"es"},{"@type":"Organization","@id":"https:\/\/vivenativo.com\/#organization","name":"nativo","url":"https:\/\/vivenativo.com\/","logo":{"@type":"ImageObject","inLanguage":"es","@id":"https:\/\/vivenativo.com\/#\/schema\/logo\/image\/","url":"https:\/\/vivenativo.com\/wp-content\/uploads\/2026\/03\/cropped-ICONO-NATIVO.png","contentUrl":"https:\/\/vivenativo.com\/wp-content\/uploads\/2026\/03\/cropped-ICONO-NATIVO.png","width":659,"height":184,"caption":"nativo"},"image":{"@id":"https:\/\/vivenativo.com\/#\/schema\/logo\/image\/"}}]}},"_links":{"self":[{"href":"https:\/\/vivenativo.com\/index.php\/wp-json\/wp\/v2\/pages\/151","targetHints":{"allow":["GET"]}}],"collection":[{"href":"https:\/\/vivenativo.com\/index.php\/wp-json\/wp\/v2\/pages"}],"about":[{"href":"https:\/\/vivenativo.com\/index.php\/wp-json\/wp\/v2\/types\/page"}],"author":[{"embeddable":true,"href":"https:\/\/vivenativo.com\/index.php\/wp-json\/wp\/v2\/users\/1"}],"replies":[{"embeddable":true,"href":"https:\/\/vivenativo.com\/index.php\/wp-json\/wp\/v2\/comments?post=151"}],"version-history":[{"count":8,"href":"https:\/\/vivenativo.com\/index.php\/wp-json\/wp\/v2\/pages\/151\/revisions"}],"predecessor-version":[{"id":159,"href":"https:\/\/vivenativo.com\/index.php\/wp-json\/wp\/v2\/pages\/151\/revisions\/159"}],"wp:attachment":[{"href":"https:\/\/vivenativo.com\/index.php\/wp-json\/wp\/v2\/media?parent=151"}],"curies":[{"name":"wp","href":"https:\/\/api.w.org\/{rel}","templated":true}]}}